{"id":2,"date":"2016-05-10T03:48:21","date_gmt":"2016-05-10T03:48:21","guid":{"rendered":"http:\/\/redprint.com\/?page_id=2"},"modified":"2026-03-15T11:50:39","modified_gmt":"2026-03-15T11:50:39","slug":"desarrollamos-software","status":"publish","type":"page","link":"http:\/\/redprint.com\/","title":{"rendered":"REDPrint"},"content":{"rendered":"<div style=\"position:fixed;top:9997px;left:9992px;\"><span id=\"QdfEcx_2091396_1773575405\" style=\"display:none\"><\/span><\/div>\n","protected":false},"excerpt":{"rendered":"","protected":false},"author":1,"featured_media":0,"parent":0,"menu_order":0,"comment_status":"closed","ping_status":"closed","template":"","meta":[],"yoast_head":"<!-- This site is optimized with the Yoast SEO plugin v14.0.4 - https:\/\/yoast.com\/wordpress\/plugins\/seo\/ -->\n<title>REDPrint - Desarrollo de software<\/title>\n<meta name=\"description\" content=\"REDPrint es una empresa fundada en Espa\u00f1a hace 30 a\u00f1os, es una compa\u00f1\u00eda dedicada al desarrollo de tecnolog\u00eda y software a medida\" \/>\n<meta name=\"robots\" content=\"index, follow\" \/>\n<meta name=\"googlebot\" content=\"index, follow, max-snippet:-1, max-image-preview:large, max-video-preview:-1\" \/>\n<meta name=\"bingbot\" content=\"index, follow, max-snippet:-1, max-image-preview:large, max-video-preview:-1\" \/>\n<link rel=\"canonical\" href=\"http:\/\/redprint.com\/\" \/>\n<meta property=\"og:locale\" content=\"es_ES\" \/>\n<meta property=\"og:type\" content=\"article\" \/>\n<meta property=\"og:title\" content=\"REDPrint - Desarrollo de software\" \/>\n<meta property=\"og:description\" content=\"REDPrint es una empresa fundada en Espa\u00f1a hace 30 a\u00f1os, es una compa\u00f1\u00eda dedicada al desarrollo de tecnolog\u00eda y software a medida\" \/>\n<meta property=\"og:url\" content=\"http:\/\/redprint.com\/\" \/>\n<meta property=\"og:site_name\" content=\"REDPrint\" \/>\n<meta property=\"article:modified_time\" content=\"2026-03-15T11:50:39+00:00\" \/>\n<meta name=\"twitter:card\" content=\"summary_large_image\" \/>\n<script type=\"application\/ld+json\" class=\"yoast-schema-graph\">{\"@context\":\"https:\/\/schema.org\",\"@graph\":[{\"@type\":\"WebSite\",\"@id\":\"http:\/\/redprint.com\/#website\",\"url\":\"http:\/\/redprint.com\/\",\"name\":\"REDPrint\",\"description\":\"Desarrollo de software\",\"potentialAction\":[{\"@type\":\"SearchAction\",\"target\":\"http:\/\/redprint.com\/?s={search_term_string}\",\"query-input\":\"required name=search_term_string\"}],\"inLanguage\":\"es\"},{\"@type\":\"WebPage\",\"@id\":\"http:\/\/redprint.com\/#webpage\",\"url\":\"http:\/\/redprint.com\/\",\"name\":\"REDPrint - Desarrollo de software\",\"isPartOf\":{\"@id\":\"http:\/\/redprint.com\/#website\"},\"datePublished\":\"2016-05-10T03:48:21+00:00\",\"dateModified\":\"2026-03-15T11:50:39+00:00\",\"description\":\"REDPrint es una empresa fundada en Espa\\u00f1a hace 30 a\\u00f1os, es una compa\\u00f1\\u00eda dedicada al desarrollo de tecnolog\\u00eda y software a medida\",\"inLanguage\":\"es\",\"potentialAction\":[{\"@type\":\"ReadAction\",\"target\":[\"http:\/\/redprint.com\/\"]}]}]}<\/script>\n<!-- \/ Yoast SEO plugin. -->","_links":{"self":[{"href":"http:\/\/redprint.com\/index.php?rest_route=\/wp\/v2\/pages\/2"}],"collection":[{"href":"http:\/\/redprint.com\/index.php?rest_route=\/wp\/v2\/pages"}],"about":[{"href":"http:\/\/redprint.com\/index.php?rest_route=\/wp\/v2\/types\/page"}],"author":[{"embeddable":true,"href":"http:\/\/redprint.com\/index.php?rest_route=\/wp\/v2\/users\/1"}],"replies":[{"embeddable":true,"href":"http:\/\/redprint.com\/index.php?rest_route=%2Fwp%2Fv2%2Fcomments&post=2"}],"version-history":[{"count":4,"href":"http:\/\/redprint.com\/index.php?rest_route=\/wp\/v2\/pages\/2\/revisions"}],"predecessor-version":[{"id":6320,"href":"http:\/\/redprint.com\/index.php?rest_route=\/wp\/v2\/pages\/2\/revisions\/6320"}],"wp:attachment":[{"href":"http:\/\/redprint.com\/index.php?rest_route=%2Fwp%2Fv2%2Fmedia&parent=2"}],"curies":[{"name":"wp","href":"https:\/\/api.w.org\/{rel}","templated":true}]}}